{"id":10,"date":"2019-06-04T16:43:08","date_gmt":"2019-06-04T14:43:08","guid":{"rendered":"http:\/\/222367.w67.wedos.ws\/domains\/hpz.cz\/?page_id=10"},"modified":"2019-06-04T17:21:02","modified_gmt":"2019-06-04T15:21:02","slug":"markyzy","status":"publish","type":"page","link":"https:\/\/hpz.cz\/?page_id=10","title":{"rendered":"Mark\u00fdzy"},"content":{"rendered":"\n<h1 class=\"wp-block-heading\">Mark\u00fdzy<\/h1>\n\n\n\n<p>Protislune\u010dn\u00ed kloubov\u00e9 \nmark\u00fdzy maj\u00ed mnohohostrann\u00e9 vyu\u017eit\u00ed. Zast\u00edn\u00ed okna, balk\u00f3ny, lod\u017eie, \nterasy a nejr\u016fzn\u011bj\u0161\u00ed venkovn\u00ed posezen\u00ed. \u0160\u00ed\u0159ka mark\u00fdzy je od 1000mm do \n12000mm a v\u00fdsuv od 1500mm do 4000mm.Proveden\u00ed v\u00fdsuvn\u00e9, v\u00fdklopn\u00e9, \npolokazetov\u00e9, kazetov\u00e9, nebo ko\u0161ov\u00e9.<\/p>\n\n\n\n<ul class=\"wp-block-gallery columns-3 is-cropped wp-block-gallery-1 is-layout-flex wp-block-gallery-is-layout-flex\"><li class=\"blocks-gallery-item\"><figure><img loading=\"lazy\" decoding=\"async\" width=\"200\" height=\"200\" src=\"http:\/\/222367.w67.wedos.ws\/domains\/hpz.cz\/wp-content\/uploads\/2019\/06\/mark\u00fdza1.jpg\" alt=\"\" data-id=\"69\" data-link=\"http:\/\/222367.w67.wedos.ws\/domains\/hpz.cz\/markyzy\/markyza1\/\" class=\"wp-image-69\" srcset=\"https:\/\/hpz.cz\/wp-content\/uploads\/2019\/06\/mark\u00fdza1.jpg 200w, https:\/\/hpz.cz\/wp-content\/uploads\/2019\/06\/mark\u00fdza1-150x150.jpg 150w\" sizes=\"auto, (max-width: 200px) 100vw, 200px\" \/><\/figure><\/li><li class=\"blocks-gallery-item\"><figure><img loading=\"lazy\" decoding=\"async\" width=\"200\" height=\"200\" src=\"http:\/\/222367.w67.wedos.ws\/domains\/hpz.cz\/wp-content\/uploads\/2019\/06\/mark\u00fdza2.jpg\" alt=\"\" data-id=\"70\" data-link=\"http:\/\/222367.w67.wedos.ws\/domains\/hpz.cz\/markyzy\/markyza2\/\" class=\"wp-image-70\" srcset=\"https:\/\/hpz.cz\/wp-content\/uploads\/2019\/06\/mark\u00fdza2.jpg 200w, https:\/\/hpz.cz\/wp-content\/uploads\/2019\/06\/mark\u00fdza2-150x150.jpg 150w\" sizes=\"auto, (max-width: 200px) 100vw, 200px\" \/><\/figure><\/li><li class=\"blocks-gallery-item\"><figure><img loading=\"lazy\" decoding=\"async\" width=\"200\" height=\"200\" src=\"http:\/\/222367.w67.wedos.ws\/domains\/hpz.cz\/wp-content\/uploads\/2019\/06\/mark\u00fdza3.jpg\" alt=\"\" data-id=\"71\" data-link=\"http:\/\/222367.w67.wedos.ws\/domains\/hpz.cz\/markyzy\/markyza3\/\" class=\"wp-image-71\" srcset=\"https:\/\/hpz.cz\/wp-content\/uploads\/2019\/06\/mark\u00fdza3.jpg 200w, https:\/\/hpz.cz\/wp-content\/uploads\/2019\/06\/mark\u00fdza3-150x150.jpg 150w\" sizes=\"auto, (max-width: 200px) 100vw, 200px\" \/><\/figure><\/li><\/ul>\n\n\n\n<p>Ovl\u00e1d\u00e1n\u00ed\n mark\u00fdzy se prov\u00e1d\u00ed ru\u010dn\u011b pomoc\u00ed kliky, nebo el.pohonem pomoc\u00ed vyp\u00edna\u010de,\n nebo d\u00e1lkov\u00e9ho ovlada\u010de. Mark\u00fdzu lze doplnit o slune\u010dn\u00ed a v\u011btrnou \nautomatiku s mo\u017enost\u00ed p\u0159ipojen\u00ed de\u0161\u0165ov\u00e9ho \u010didla, nebo o v\u011btrn\u00e9 ot\u0159esov\u00e9 \n\u010didlo.<\/p>\n\n\n\n<ul class=\"wp-block-gallery columns-2 is-cropped wp-block-gallery-2 is-layout-flex wp-block-gallery-is-layout-flex\"><li class=\"blocks-gallery-item\"><figure><img loading=\"lazy\" decoding=\"async\" width=\"200\" height=\"200\" src=\"http:\/\/222367.w67.wedos.ws\/domains\/hpz.cz\/wp-content\/uploads\/2019\/06\/mark\u00fdza4-2.jpg\" alt=\"\" data-id=\"74\" data-link=\"http:\/\/222367.w67.wedos.ws\/domains\/hpz.cz\/markyzy\/markyza4-2\/\" class=\"wp-image-74\" srcset=\"https:\/\/hpz.cz\/wp-content\/uploads\/2019\/06\/mark\u00fdza4-2.jpg 200w, https:\/\/hpz.cz\/wp-content\/uploads\/2019\/06\/mark\u00fdza4-2-150x150.jpg 150w\" sizes=\"auto, (max-width: 200px) 100vw, 200px\" \/><\/figure><\/li><li class=\"blocks-gallery-item\"><figure><img loading=\"lazy\" decoding=\"async\" width=\"200\" height=\"200\" src=\"http:\/\/222367.w67.wedos.ws\/domains\/hpz.cz\/wp-content\/uploads\/2019\/06\/mark\u00fdza2-1.jpg\" alt=\"\" data-id=\"75\" data-link=\"http:\/\/222367.w67.wedos.ws\/domains\/hpz.cz\/markyzy\/markyza2-1\/\" class=\"wp-image-75\" srcset=\"https:\/\/hpz.cz\/wp-content\/uploads\/2019\/06\/mark\u00fdza2-1.jpg 200w, https:\/\/hpz.cz\/wp-content\/uploads\/2019\/06\/mark\u00fdza2-1-150x150.jpg 150w\" sizes=\"auto, (max-width: 200px) 100vw, 200px\" \/><\/figure><\/li><\/ul>\n\n\n\n<p>Mark\u00fdzov\u00e1 akryl\u00e1tov\u00e1 l\u00e1tka je \nhydrof\u00f3bn\u00ed, st\u00e1lobarevn\u00e1, rozm\u011brov\u00e9 st\u00e1l\u00e1, odoln\u00e1 proti pl\u00edsn\u00edm. Ze \nstejn\u00e9ho materi\u00e1lu je zhotoven vol\u00e1n, jeho\u017e tvar a velikost je \nvoliteln\u00e1. Podle pot\u0159eby je mo\u017en\u00e9 potah opat\u0159it reklamn\u00edm n\u00e1pisem, nebo \nfiremn\u00edm znakem.<\/p>\n","protected":false},"excerpt":{"rendered":"<p>Mark\u00fdzy Protislune\u010dn\u00ed kloubov\u00e9 mark\u00fdzy maj\u00ed mnohohostrann\u00e9 vyu\u017eit\u00ed. Zast\u00edn\u00ed okna, balk\u00f3ny, lod\u017eie, terasy a nejr\u016fzn\u011bj\u0161\u00ed venkovn\u00ed posezen\u00ed. \u0160\u00ed\u0159ka mark\u00fdzy je od 1000mm do 12000mm a v\u00fdsuv od 1500mm do 4000mm.Proveden\u00ed v\u00fdsuvn\u00e9, v\u00fdklopn\u00e9, polokazetov\u00e9, kazetov\u00e9, nebo ko\u0161ov\u00e9. Ovl\u00e1d\u00e1n\u00ed mark\u00fdzy se prov\u00e1d\u00ed ru\u010dn\u011b pomoc\u00ed kliky, nebo el.pohonem pomoc\u00ed vyp\u00edna\u010de, nebo d\u00e1lkov\u00e9ho ovlada\u010de. Mark\u00fdzu lze doplnit o slune\u010dn\u00ed a &hellip; <a href=\"https:\/\/hpz.cz\/?page_id=10\" class=\"more-link\">Pokra\u010dov\u00e1n\u00ed textu <span class=\"screen-reader-text\">Mark\u00fdzy<\/span> <span class=\"meta-nav\">&rarr;<\/span><\/a><\/p>\n","protected":false},"author":1,"featured_media":0,"parent":0,"menu_order":0,"comment_status":"closed","ping_status":"closed","template":"","meta":{"footnotes":""},"class_list":["post-10","page","type-page","status-publish","hentry"],"_links":{"self":[{"href":"https:\/\/hpz.cz\/index.php?rest_route=\/wp\/v2\/pages\/10","targetHints":{"allow":["GET"]}}],"collection":[{"href":"https:\/\/hpz.cz\/index.php?rest_route=\/wp\/v2\/pages"}],"about":[{"href":"https:\/\/hpz.cz\/index.php?rest_route=\/wp\/v2\/types\/page"}],"author":[{"embeddable":true,"href":"https:\/\/hpz.cz\/index.php?rest_route=\/wp\/v2\/users\/1"}],"replies":[{"embeddable":true,"href":"https:\/\/hpz.cz\/index.php?rest_route=%2Fwp%2Fv2%2Fcomments&post=10"}],"version-history":[{"count":3,"href":"https:\/\/hpz.cz\/index.php?rest_route=\/wp\/v2\/pages\/10\/revisions"}],"predecessor-version":[{"id":76,"href":"https:\/\/hpz.cz\/index.php?rest_route=\/wp\/v2\/pages\/10\/revisions\/76"}],"wp:attachment":[{"href":"https:\/\/hpz.cz\/index.php?rest_route=%2Fwp%2Fv2%2Fmedia&parent=10"}],"curies":[{"name":"wp","href":"https:\/\/api.w.org\/{rel}","templated":true}]}}