{"id":11,"date":"2019-06-04T16:43:08","date_gmt":"2019-06-04T14:43:08","guid":{"rendered":"http:\/\/222367.w67.wedos.ws\/domains\/hpz.cz\/?page_id=11"},"modified":"2019-06-04T17:24:55","modified_gmt":"2019-06-04T15:24:55","slug":"predokenni-rolrty","status":"publish","type":"page","link":"https:\/\/hpz.cz\/?page_id=11","title":{"rendered":"P\u0159edokenn\u00ed rolEty"},"content":{"rendered":"\n<h1 class=\"wp-block-heading\">P\u0159edokenn\u00ed rolety<\/h1>\n\n\n\n<ul class=\"wp-block-gallery columns-2 is-cropped wp-block-gallery-1 is-layout-flex wp-block-gallery-is-layout-flex\"><li class=\"blocks-gallery-item\"><figure><img loading=\"lazy\" decoding=\"async\" width=\"200\" height=\"200\" src=\"http:\/\/222367.w67.wedos.ws\/domains\/hpz.cz\/wp-content\/uploads\/2019\/06\/p\u0159ed_okno.jpg\" alt=\"\" data-id=\"78\" data-link=\"http:\/\/222367.w67.wedos.ws\/domains\/hpz.cz\/predokenni-rolrty\/pred_okno\/\" class=\"wp-image-78\" srcset=\"https:\/\/hpz.cz\/wp-content\/uploads\/2019\/06\/p\u0159ed_okno.jpg 200w, https:\/\/hpz.cz\/wp-content\/uploads\/2019\/06\/p\u0159ed_okno-150x150.jpg 150w\" sizes=\"auto, (max-width: 200px) 100vw, 200px\" \/><\/figure><\/li><li class=\"blocks-gallery-item\"><figure><img loading=\"lazy\" decoding=\"async\" width=\"200\" height=\"200\" src=\"http:\/\/222367.w67.wedos.ws\/domains\/hpz.cz\/wp-content\/uploads\/2019\/06\/p\u0159ed_okno2.jpg\" alt=\"\" data-id=\"79\" data-link=\"http:\/\/222367.w67.wedos.ws\/domains\/hpz.cz\/predokenni-rolrty\/pred_okno2\/\" class=\"wp-image-79\" srcset=\"https:\/\/hpz.cz\/wp-content\/uploads\/2019\/06\/p\u0159ed_okno2.jpg 200w, https:\/\/hpz.cz\/wp-content\/uploads\/2019\/06\/p\u0159ed_okno2-150x150.jpg 150w\" sizes=\"auto, (max-width: 200px) 100vw, 200px\" \/><\/figure><\/li><\/ul>\n\n\n\n<ul class=\"wp-block-gallery columns-2 is-cropped wp-block-gallery-2 is-layout-flex wp-block-gallery-is-layout-flex\"><li class=\"blocks-gallery-item\"><figure><img loading=\"lazy\" decoding=\"async\" width=\"200\" height=\"200\" src=\"http:\/\/222367.w67.wedos.ws\/domains\/hpz.cz\/wp-content\/uploads\/2019\/06\/p\u0159ed_okno1.jpg\" alt=\"\" data-id=\"80\" data-link=\"http:\/\/222367.w67.wedos.ws\/domains\/hpz.cz\/predokenni-rolrty\/pred_okno1\/\" class=\"wp-image-80\" srcset=\"https:\/\/hpz.cz\/wp-content\/uploads\/2019\/06\/p\u0159ed_okno1.jpg 200w, https:\/\/hpz.cz\/wp-content\/uploads\/2019\/06\/p\u0159ed_okno1-150x150.jpg 150w\" sizes=\"auto, (max-width: 200px) 100vw, 200px\" \/><\/figure><\/li><li class=\"blocks-gallery-item\"><figure><img loading=\"lazy\" decoding=\"async\" width=\"200\" height=\"200\" src=\"http:\/\/222367.w67.wedos.ws\/domains\/hpz.cz\/wp-content\/uploads\/2019\/06\/p\u0159ed_okno4.jpg\" alt=\"\" data-id=\"81\" data-link=\"http:\/\/222367.w67.wedos.ws\/domains\/hpz.cz\/predokenni-rolrty\/pred_okno4\/\" class=\"wp-image-81\" srcset=\"https:\/\/hpz.cz\/wp-content\/uploads\/2019\/06\/p\u0159ed_okno4.jpg 200w, https:\/\/hpz.cz\/wp-content\/uploads\/2019\/06\/p\u0159ed_okno4-150x150.jpg 150w\" sizes=\"auto, (max-width: 200px) 100vw, 200px\" \/><\/figure><\/li><\/ul>\n\n\n\n<p>P\u0159edokenn\u00ed \nrolety. Lamela hlin\u00edkov\u00e1 nebo plastov\u00e1 vypln\u011bn\u00e1 polyuretanovou p\u011bnou. \nRolety lze dodat s klasick\u00fdm boxem pro dodate\u010dnou mont\u00e1\u017e, nebo s boxem \nur\u010den\u00fdm ka zaom\u00edt\u00e1n\u00ed.<\/p>\n","protected":false},"excerpt":{"rendered":"<p>P\u0159edokenn\u00ed rolety P\u0159edokenn\u00ed rolety. Lamela hlin\u00edkov\u00e1 nebo plastov\u00e1 vypln\u011bn\u00e1 polyuretanovou p\u011bnou. Rolety lze dodat s klasick\u00fdm boxem pro dodate\u010dnou mont\u00e1\u017e, nebo s boxem ur\u010den\u00fdm ka zaom\u00edt\u00e1n\u00ed.<\/p>\n","protected":false},"author":1,"featured_media":0,"parent":0,"menu_order":0,"comment_status":"closed","ping_status":"closed","template":"","meta":{"footnotes":""},"class_list":["post-11","page","type-page","status-publish","hentry"],"_links":{"self":[{"href":"https:\/\/hpz.cz\/index.php?rest_route=\/wp\/v2\/pages\/11","targetHints":{"allow":["GET"]}}],"collection":[{"href":"https:\/\/hpz.cz\/index.php?rest_route=\/wp\/v2\/pages"}],"about":[{"href":"https:\/\/hpz.cz\/index.php?rest_route=\/wp\/v2\/types\/page"}],"author":[{"embeddable":true,"href":"https:\/\/hpz.cz\/index.php?rest_route=\/wp\/v2\/users\/1"}],"replies":[{"embeddable":true,"href":"https:\/\/hpz.cz\/index.php?rest_route=%2Fwp%2Fv2%2Fcomments&post=11"}],"version-history":[{"count":2,"href":"https:\/\/hpz.cz\/index.php?rest_route=\/wp\/v2\/pages\/11\/revisions"}],"predecessor-version":[{"id":82,"href":"https:\/\/hpz.cz\/index.php?rest_route=\/wp\/v2\/pages\/11\/revisions\/82"}],"wp:attachment":[{"href":"https:\/\/hpz.cz\/index.php?rest_route=%2Fwp%2Fv2%2Fmedia&parent=11"}],"curies":[{"name":"wp","href":"https:\/\/api.w.org\/{rel}","templated":true}]}}