{"id":12,"date":"2019-06-04T16:43:08","date_gmt":"2019-06-04T14:43:08","guid":{"rendered":"http:\/\/222367.w67.wedos.ws\/domains\/hpz.cz\/?page_id=12"},"modified":"2019-06-04T17:30:22","modified_gmt":"2019-06-04T15:30:22","slug":"site-proti-hmyzu","status":"publish","type":"page","link":"https:\/\/hpz.cz\/?page_id=12","title":{"rendered":"S\u00edt\u011b proti hmyzu"},"content":{"rendered":"\n<h2 class=\"wp-block-heading\">Okenn\u00ed<\/h2>\n\n\n\n<ul class=\"wp-block-gallery columns-2 is-cropped wp-block-gallery-1 is-layout-flex wp-block-gallery-is-layout-flex\"><li class=\"blocks-gallery-item\"><figure><img loading=\"lazy\" decoding=\"async\" width=\"200\" height=\"200\" src=\"http:\/\/222367.w67.wedos.ws\/domains\/hpz.cz\/wp-content\/uploads\/2019\/06\/sit_okno.jpg\" alt=\"\" data-id=\"83\" data-link=\"http:\/\/222367.w67.wedos.ws\/domains\/hpz.cz\/site-proti-hmyzu\/sit_okno\/\" class=\"wp-image-83\" srcset=\"https:\/\/hpz.cz\/wp-content\/uploads\/2019\/06\/sit_okno.jpg 200w, https:\/\/hpz.cz\/wp-content\/uploads\/2019\/06\/sit_okno-150x150.jpg 150w\" sizes=\"auto, (max-width: 200px) 100vw, 200px\" \/><\/figure><\/li><li class=\"blocks-gallery-item\"><figure><img loading=\"lazy\" decoding=\"async\" width=\"200\" height=\"200\" src=\"http:\/\/222367.w67.wedos.ws\/domains\/hpz.cz\/wp-content\/uploads\/2019\/06\/sit_okno1.jpg\" alt=\"\" data-id=\"84\" data-link=\"http:\/\/222367.w67.wedos.ws\/domains\/hpz.cz\/site-proti-hmyzu\/sit_okno1\/\" class=\"wp-image-84\" srcset=\"https:\/\/hpz.cz\/wp-content\/uploads\/2019\/06\/sit_okno1.jpg 200w, https:\/\/hpz.cz\/wp-content\/uploads\/2019\/06\/sit_okno1-150x150.jpg 150w\" sizes=\"auto, (max-width: 200px) 100vw, 200px\" \/><\/figure><\/li><\/ul>\n\n\n\n<h2 class=\"wp-block-heading\">Dve\u0159n\u00ed<\/h2>\n\n\n\n<ul class=\"wp-block-gallery columns-2 is-cropped wp-block-gallery-2 is-layout-flex wp-block-gallery-is-layout-flex\"><li class=\"blocks-gallery-item\"><figure><img loading=\"lazy\" decoding=\"async\" width=\"200\" height=\"200\" src=\"http:\/\/222367.w67.wedos.ws\/domains\/hpz.cz\/wp-content\/uploads\/2019\/06\/sit_dve\u0159e1.jpg\" alt=\"\" data-id=\"86\" data-link=\"http:\/\/222367.w67.wedos.ws\/domains\/hpz.cz\/site-proti-hmyzu\/sit_dvere1\/\" class=\"wp-image-86\" srcset=\"https:\/\/hpz.cz\/wp-content\/uploads\/2019\/06\/sit_dve\u0159e1.jpg 200w, https:\/\/hpz.cz\/wp-content\/uploads\/2019\/06\/sit_dve\u0159e1-150x150.jpg 150w\" sizes=\"auto, (max-width: 200px) 100vw, 200px\" \/><\/figure><\/li><li class=\"blocks-gallery-item\"><figure><img loading=\"lazy\" decoding=\"async\" width=\"200\" height=\"200\" src=\"http:\/\/222367.w67.wedos.ws\/domains\/hpz.cz\/wp-content\/uploads\/2019\/06\/sit_dve\u0159e.jpg\" alt=\"\" data-id=\"87\" data-link=\"http:\/\/222367.w67.wedos.ws\/domains\/hpz.cz\/site-proti-hmyzu\/sit_dvere\/\" class=\"wp-image-87\" srcset=\"https:\/\/hpz.cz\/wp-content\/uploads\/2019\/06\/sit_dve\u0159e.jpg 200w, https:\/\/hpz.cz\/wp-content\/uploads\/2019\/06\/sit_dve\u0159e-150x150.jpg 150w\" sizes=\"auto, (max-width: 200px) 100vw, 200px\" \/><\/figure><\/li><\/ul>\n\n\n\n<h2 class=\"wp-block-heading\">Rolovac\u00ed<\/h2>\n\n\n\n<ul class=\"wp-block-gallery columns-2 is-cropped wp-block-gallery-3 is-layout-flex wp-block-gallery-is-layout-flex\"><li class=\"blocks-gallery-item\"><figure><img loading=\"lazy\" decoding=\"async\" width=\"200\" height=\"200\" src=\"http:\/\/222367.w67.wedos.ws\/domains\/hpz.cz\/wp-content\/uploads\/2019\/06\/sit_rol.jpg\" alt=\"\" data-id=\"88\" data-link=\"http:\/\/222367.w67.wedos.ws\/domains\/hpz.cz\/site-proti-hmyzu\/sit_rol\/\" class=\"wp-image-88\" srcset=\"https:\/\/hpz.cz\/wp-content\/uploads\/2019\/06\/sit_rol.jpg 200w, https:\/\/hpz.cz\/wp-content\/uploads\/2019\/06\/sit_rol-150x150.jpg 150w\" sizes=\"auto, (max-width: 200px) 100vw, 200px\" \/><\/figure><\/li><li class=\"blocks-gallery-item\"><figure><img loading=\"lazy\" decoding=\"async\" width=\"200\" height=\"200\" src=\"http:\/\/222367.w67.wedos.ws\/domains\/hpz.cz\/wp-content\/uploads\/2019\/06\/sit_rol1.jpg\" alt=\"\" data-id=\"89\" data-link=\"http:\/\/222367.w67.wedos.ws\/domains\/hpz.cz\/site-proti-hmyzu\/sit_rol1\/\" class=\"wp-image-89\" srcset=\"https:\/\/hpz.cz\/wp-content\/uploads\/2019\/06\/sit_rol1.jpg 200w, https:\/\/hpz.cz\/wp-content\/uploads\/2019\/06\/sit_rol1-150x150.jpg 150w\" sizes=\"auto, (max-width: 200px) 100vw, 200px\" \/><\/figure><\/li><\/ul>\n","protected":false},"excerpt":{"rendered":"<p>Okenn\u00ed Dve\u0159n\u00ed Rolovac\u00ed<\/p>\n","protected":false},"author":1,"featured_media":0,"parent":0,"menu_order":0,"comment_status":"closed","ping_status":"closed","template":"","meta":{"footnotes":""},"class_list":["post-12","page","type-page","status-publish","hentry"],"_links":{"self":[{"href":"https:\/\/hpz.cz\/index.php?rest_route=\/wp\/v2\/pages\/12","targetHints":{"allow":["GET"]}}],"collection":[{"href":"https:\/\/hpz.cz\/index.php?rest_route=\/wp\/v2\/pages"}],"about":[{"href":"https:\/\/hpz.cz\/index.php?rest_route=\/wp\/v2\/types\/page"}],"author":[{"embeddable":true,"href":"https:\/\/hpz.cz\/index.php?rest_route=\/wp\/v2\/users\/1"}],"replies":[{"embeddable":true,"href":"https:\/\/hpz.cz\/index.php?rest_route=%2Fwp%2Fv2%2Fcomments&post=12"}],"version-history":[{"count":3,"href":"https:\/\/hpz.cz\/index.php?rest_route=\/wp\/v2\/pages\/12\/revisions"}],"predecessor-version":[{"id":90,"href":"https:\/\/hpz.cz\/index.php?rest_route=\/wp\/v2\/pages\/12\/revisions\/90"}],"wp:attachment":[{"href":"https:\/\/hpz.cz\/index.php?rest_route=%2Fwp%2Fv2%2Fmedia&parent=12"}],"curies":[{"name":"wp","href":"https:\/\/api.w.org\/{rel}","templated":true}]}}