{"id":135,"date":"2019-06-04T18:02:13","date_gmt":"2019-06-04T16:02:13","guid":{"rendered":"http:\/\/222367.w67.wedos.ws\/domains\/hpz.cz\/?page_id=135"},"modified":"2025-01-27T09:21:57","modified_gmt":"2025-01-27T08:21:57","slug":"o-nas","status":"publish","type":"page","link":"https:\/\/hpz.cz\/","title":{"rendered":"O n\u00e1s"},"content":{"rendered":"\n\n\n<h1 class=\"wp-block-heading\">HP\u017e clon\u00edc\u00ed technika Brno<\/h1>\n\n\n\n<p><strong>Prodej clon\u00edc\u00ed techniky. V nab\u00eddce m\u00e1me gar\u00e1\u017eov\u00e1 vrata, horizont\u00e1ln\u00ed, vertik\u00e1ln\u00ed, venkovn\u00ed \u017ealuzie, mark\u00fdzy, p\u0159edokenn\u00ed rolety, s\u00edt\u011b proti hmyzu. Nab\u00edz\u00edme t\u00e9\u017e zatem\u0148ovac\u00ed za\u0159\u00edzen\u00ed, slunolamy a PVC clony.<\/strong><\/p>\n\n\n\n<h2 class=\"wp-block-heading\"><\/h2>\n\n\n\n<h3 class=\"wp-block-heading\"><strong>O n\u00e1s<\/strong><\/h3>\n\n\n\n<p>Na\u0161e firma&nbsp;<strong>HP\u017d clon\u00edc\u00ed technika<\/strong>\n se zab\u00fdv\u00e1 dod\u00e1vkou a mont\u00e1\u017e\u00ed st\u00edn\u00edc\u00ed, bezpe\u010dnostn\u00ed a gar\u00e1\u017eov\u00e9 techniky,\n ji\u017e od roku 1992. Dod\u00e1v\u00e1me zak\u00e1zky velk\u00e9ho i mal\u00e9ho rozsahu.<\/p>\n\n\n\n<p>Sledujeme\n v\u00fdvoj nov\u00fdch trend\u016f, kter\u00e9 jsou nab\u00edzeny na trhu v \u010cesk\u00e9 republice i v \nzahrani\u010d\u00ed. Jsme schopni reagovat na p\u0159\u00e1n\u00ed a pot\u0159eby z\u00e1kazn\u00edk\u016f a \np\u0159izp\u016fsobit tak dod\u00e1vku po\u017eadavk\u016fm na\u0161eho z\u00e1kazn\u00edka.<\/p>\n\n\n\n<figure class=\"wp-block-gallery aligncenter has-nested-images columns-1 is-cropped wp-block-gallery-1 is-layout-flex wp-block-gallery-is-layout-flex\">\n<figure class=\"wp-block-image\"><a href=\"https:\/\/hpz.cz\/wp-content\/uploads\/2019\/06\/zn.jpg\"><img loading=\"lazy\" decoding=\"async\" width=\"598\" height=\"251\" data-id=\"136\" src=\"https:\/\/hpz.cz\/wp-content\/uploads\/2019\/06\/zn.jpg\" alt=\"\" class=\"wp-image-136\" srcset=\"https:\/\/hpz.cz\/wp-content\/uploads\/2019\/06\/zn.jpg 598w, https:\/\/hpz.cz\/wp-content\/uploads\/2019\/06\/zn-300x126.jpg 300w\" sizes=\"auto, (max-width: 598px) 100vw, 598px\" \/><\/a><\/figure>\n<\/figure>\n\n\n<div class=\"wp-block-image\">\n<figure class=\"aligncenter\"><a href=\"http:\/\/www.velux.cz\" target=\"_blank\" rel=\"noreferrer noopener\"><img loading=\"lazy\" decoding=\"async\" width=\"355\" height=\"150\" src=\"http:\/\/hpz.cz\/wp-content\/uploads\/2019\/06\/velux_jaro_2019_partneri_355_150-2.gif\" alt=\"\" class=\"wp-image-173\"\/><\/a><\/figure><\/div>\n\n\n<h1 class=\"wp-block-heading\">Kontaktn\u00ed informace<\/h1>\n\n\n\n<pre class=\"wp-block-preformatted\">Vzorkov\u00e1 kancel\u00e1\u0159\nHP\u017e clon\u00edc\u00ed technika\nMiroslav Horyna\nVoron\u011b\u017esk\u00e1 2\n616 00 BRNO - \u017dabov\u0159esky\n603 219 727 (kancel\u00e1\u0159)\nhoryna@hpz.cz<\/pre>\n","protected":false},"excerpt":{"rendered":"<p>HP\u017e clon\u00edc\u00ed technika Brno Prodej clon\u00edc\u00ed techniky. V nab\u00eddce m\u00e1me gar\u00e1\u017eov\u00e1 vrata, horizont\u00e1ln\u00ed, vertik\u00e1ln\u00ed, venkovn\u00ed \u017ealuzie, mark\u00fdzy, p\u0159edokenn\u00ed rolety, s\u00edt\u011b proti hmyzu. Nab\u00edz\u00edme t\u00e9\u017e zatem\u0148ovac\u00ed za\u0159\u00edzen\u00ed, slunolamy a PVC clony. O n\u00e1s Na\u0161e firma&nbsp;HP\u017d clon\u00edc\u00ed technika se zab\u00fdv\u00e1 dod\u00e1vkou a mont\u00e1\u017e\u00ed st\u00edn\u00edc\u00ed, bezpe\u010dnostn\u00ed a gar\u00e1\u017eov\u00e9 techniky, ji\u017e od roku 1992. Dod\u00e1v\u00e1me zak\u00e1zky velk\u00e9ho i mal\u00e9ho &hellip; <a href=\"https:\/\/hpz.cz\/\" class=\"more-link\">Pokra\u010dov\u00e1n\u00ed textu <span class=\"screen-reader-text\">O n\u00e1s<\/span> <span class=\"meta-nav\">&rarr;<\/span><\/a><\/p>\n","protected":false},"author":1,"featured_media":0,"parent":0,"menu_order":0,"comment_status":"closed","ping_status":"closed","template":"","meta":{"footnotes":""},"class_list":["post-135","page","type-page","status-publish","hentry"],"_links":{"self":[{"href":"https:\/\/hpz.cz\/index.php?rest_route=\/wp\/v2\/pages\/135","targetHints":{"allow":["GET"]}}],"collection":[{"href":"https:\/\/hpz.cz\/index.php?rest_route=\/wp\/v2\/pages"}],"about":[{"href":"https:\/\/hpz.cz\/index.php?rest_route=\/wp\/v2\/types\/page"}],"author":[{"embeddable":true,"href":"https:\/\/hpz.cz\/index.php?rest_route=\/wp\/v2\/users\/1"}],"replies":[{"embeddable":true,"href":"https:\/\/hpz.cz\/index.php?rest_route=%2Fwp%2Fv2%2Fcomments&post=135"}],"version-history":[{"count":30,"href":"https:\/\/hpz.cz\/index.php?rest_route=\/wp\/v2\/pages\/135\/revisions"}],"predecessor-version":[{"id":241,"href":"https:\/\/hpz.cz\/index.php?rest_route=\/wp\/v2\/pages\/135\/revisions\/241"}],"wp:attachment":[{"href":"https:\/\/hpz.cz\/index.php?rest_route=%2Fwp%2Fv2%2Fmedia&parent=135"}],"curies":[{"name":"wp","href":"https:\/\/api.w.org\/{rel}","templated":true}]}}