{"id":14,"date":"2019-06-04T16:43:08","date_gmt":"2019-06-04T14:43:08","guid":{"rendered":"http:\/\/222367.w67.wedos.ws\/domains\/hpz.cz\/?page_id=14"},"modified":"2020-08-18T08:36:59","modified_gmt":"2020-08-18T06:36:59","slug":"venkovni-zaluzie","status":"publish","type":"page","link":"https:\/\/hpz.cz\/?page_id=14","title":{"rendered":"Venkovn\u00ed \u017ealuzie"},"content":{"rendered":"\n<h1 class=\"wp-block-heading\">Venkovn\u00ed \u017ealuzie<\/h1>\n\n\n\n<p>Venkovn\u00ed \n\u017ealuzie. Lamela ve tvaru ,,C\u201c 50mm, 65mm, 80mm, nebo ,,Z\u201c 70mm, 90mm. \nKryc\u00ed galerie horn\u00ed \u010d\u00e1sti \u017ealuzie v proveden\u00ed Al s povrchovou \u00fapravou v \nbarv\u00e1ch RAL. Ovl\u00e1d\u00e1n\u00ed lze nekone\u010dnou \u0161\u0148\u016frou, klikou, nebo el. pohonem.<\/p>\n\n\n\n<ul class=\"wp-block-gallery columns-3 is-cropped wp-block-gallery-1 is-layout-flex wp-block-gallery-is-layout-flex\"><li class=\"blocks-gallery-item\"><figure><img loading=\"lazy\" decoding=\"async\" width=\"200\" height=\"200\" src=\"http:\/\/222367.w67.wedos.ws\/domains\/hpz.cz\/wp-content\/uploads\/2019\/06\/venek_\u017eal3.jpg\" alt=\"\" data-id=\"97\" data-link=\"http:\/\/222367.w67.wedos.ws\/domains\/hpz.cz\/venkovni-zaluzie\/venek_zal3\/\" class=\"wp-image-97\" srcset=\"https:\/\/hpz.cz\/wp-content\/uploads\/2019\/06\/venek_\u017eal3.jpg 200w, https:\/\/hpz.cz\/wp-content\/uploads\/2019\/06\/venek_\u017eal3-150x150.jpg 150w\" sizes=\"auto, (max-width: 200px) 100vw, 200px\" \/><\/figure><\/li><li class=\"blocks-gallery-item\"><figure><img loading=\"lazy\" decoding=\"async\" width=\"200\" height=\"200\" src=\"http:\/\/222367.w67.wedos.ws\/domains\/hpz.cz\/wp-content\/uploads\/2019\/06\/venek_\u017eal.jpg\" alt=\"\" data-id=\"98\" data-link=\"http:\/\/222367.w67.wedos.ws\/domains\/hpz.cz\/venkovni-zaluzie\/venek_zal\/\" class=\"wp-image-98\" srcset=\"https:\/\/hpz.cz\/wp-content\/uploads\/2019\/06\/venek_\u017eal.jpg 200w, https:\/\/hpz.cz\/wp-content\/uploads\/2019\/06\/venek_\u017eal-150x150.jpg 150w\" sizes=\"auto, (max-width: 200px) 100vw, 200px\" \/><\/figure><\/li><li class=\"blocks-gallery-item\"><figure><img loading=\"lazy\" decoding=\"async\" width=\"200\" height=\"200\" src=\"http:\/\/222367.w67.wedos.ws\/domains\/hpz.cz\/wp-content\/uploads\/2019\/06\/venek_\u017eal1.jpg\" alt=\"\" data-id=\"99\" data-link=\"http:\/\/222367.w67.wedos.ws\/domains\/hpz.cz\/venkovni-zaluzie\/venek_zal1\/\" class=\"wp-image-99\" srcset=\"https:\/\/hpz.cz\/wp-content\/uploads\/2019\/06\/venek_\u017eal1.jpg 200w, https:\/\/hpz.cz\/wp-content\/uploads\/2019\/06\/venek_\u017eal1-150x150.jpg 150w\" sizes=\"auto, (max-width: 200px) 100vw, 200px\" \/><\/figure><\/li><\/ul>\n\n\n\n<p><span style=\"font-weight: 400;\">Montujeme venkovn\u00ed \u017ealuzie <strong>od \u010desk\u00e9 firmy NEVA<\/strong>. V\u00fdrobce \u0161pi\u010dkov\u00fdch \u017ealuzi\u00ed s 30letou histori\u00ed ro\u010dn\u011b vyrob\u00ed p\u0159es 80 tis\u00edc kus\u016f \u017ealuzi\u00ed a rozv\u00e1\u017e\u00ed je po cel\u00e9m sv\u011bt\u011b: t\u0159eba do Austr\u00e1lie.<\/span><\/p>\n<p><span style=\"font-weight: 400;\">V\u00edce na <\/span><a href=\"https:\/\/www.neva.eu\/zaluzie\/venkovni-zaluzie\/\"><span style=\"font-weight: 400;\">https:\/\/www.neva.eu\/zaluzie\/venkovni-zaluzie\/<\/span><\/a><\/p>\n<p><img loading=\"lazy\" decoding=\"async\" class=\"wp-image-190 aligncenter\" src=\"http:\/\/hpz.cz\/wp-content\/uploads\/2020\/08\/logo-300x190.png\" alt=\"\" width=\"142\" height=\"90\" srcset=\"https:\/\/hpz.cz\/wp-content\/uploads\/2020\/08\/logo-300x190.png 300w, https:\/\/hpz.cz\/wp-content\/uploads\/2020\/08\/logo-768x488.png 768w, https:\/\/hpz.cz\/wp-content\/uploads\/2020\/08\/logo.png 1024w\" sizes=\"auto, (max-width: 142px) 100vw, 142px\" \/><\/p>\n","protected":false},"excerpt":{"rendered":"<p>Venkovn\u00ed \u017ealuzie Venkovn\u00ed \u017ealuzie. Lamela ve tvaru ,,C\u201c 50mm, 65mm, 80mm, nebo ,,Z\u201c 70mm, 90mm. Kryc\u00ed galerie horn\u00ed \u010d\u00e1sti \u017ealuzie v proveden\u00ed Al s povrchovou \u00fapravou v barv\u00e1ch RAL. Ovl\u00e1d\u00e1n\u00ed lze nekone\u010dnou \u0161\u0148\u016frou, klikou, nebo el. pohonem. Montujeme venkovn\u00ed \u017ealuzie od \u010desk\u00e9 firmy NEVA. V\u00fdrobce \u0161pi\u010dkov\u00fdch \u017ealuzi\u00ed s 30letou histori\u00ed ro\u010dn\u011b vyrob\u00ed p\u0159es 80 tis\u00edc &hellip; <a href=\"https:\/\/hpz.cz\/?page_id=14\" class=\"more-link\">Pokra\u010dov\u00e1n\u00ed textu <span class=\"screen-reader-text\">Venkovn\u00ed \u017ealuzie<\/span> <span class=\"meta-nav\">&rarr;<\/span><\/a><\/p>\n","protected":false},"author":1,"featured_media":0,"parent":0,"menu_order":0,"comment_status":"closed","ping_status":"closed","template":"","meta":{"footnotes":""},"class_list":["post-14","page","type-page","status-publish","hentry"],"_links":{"self":[{"href":"https:\/\/hpz.cz\/index.php?rest_route=\/wp\/v2\/pages\/14","targetHints":{"allow":["GET"]}}],"collection":[{"href":"https:\/\/hpz.cz\/index.php?rest_route=\/wp\/v2\/pages"}],"about":[{"href":"https:\/\/hpz.cz\/index.php?rest_route=\/wp\/v2\/types\/page"}],"author":[{"embeddable":true,"href":"https:\/\/hpz.cz\/index.php?rest_route=\/wp\/v2\/users\/1"}],"replies":[{"embeddable":true,"href":"https:\/\/hpz.cz\/index.php?rest_route=%2Fwp%2Fv2%2Fcomments&post=14"}],"version-history":[{"count":3,"href":"https:\/\/hpz.cz\/index.php?rest_route=\/wp\/v2\/pages\/14\/revisions"}],"predecessor-version":[{"id":191,"href":"https:\/\/hpz.cz\/index.php?rest_route=\/wp\/v2\/pages\/14\/revisions\/191"}],"wp:attachment":[{"href":"https:\/\/hpz.cz\/index.php?rest_route=%2Fwp%2Fv2%2Fmedia&parent=14"}],"curies":[{"name":"wp","href":"https:\/\/api.w.org\/{rel}","templated":true}]}}