{"id":15,"date":"2019-06-04T16:43:08","date_gmt":"2019-06-04T14:43:08","guid":{"rendered":"http:\/\/222367.w67.wedos.ws\/domains\/hpz.cz\/?page_id=15"},"modified":"2019-06-04T17:39:39","modified_gmt":"2019-06-04T15:39:39","slug":"zatemnovaci-zarizeni","status":"publish","type":"page","link":"https:\/\/hpz.cz\/?page_id=15","title":{"rendered":"Zatem\u0148ovac\u00ed za\u0159\u00edzen\u00ed"},"content":{"rendered":"\n<h1 class=\"wp-block-heading\">Zatem\u0148ovac\u00ed za\u0159\u00edzen\u00ed<\/h1>\n\n\n\n<p>Zatem\u0148ovac\u00ed\n za\u0159\u00edzen\u00ed v Al boxu s vod\u00edc\u00edmi li\u0161tami. Zcelazatem\u0148uj\u00edc\u00ed l\u00e1tka Panama v \nbarv\u011b \u010dern\u00e9. Vhodn\u00e9 do m\u00edstnost\u00ed s videoprojekc\u00ed, \u0161kol a konferen\u010dn\u00edch \nm\u00edstnost\u00ed. Za\u0159\u00edzen\u00ed lze ovl\u00e1dat popruhov\u00fdm navij\u00e1kem, nebo el.pohonem.<\/p>\n\n\n\n<ul class=\"wp-block-gallery columns-3 is-cropped wp-block-gallery-1 is-layout-flex wp-block-gallery-is-layout-flex\"><li class=\"blocks-gallery-item\"><figure><img loading=\"lazy\" decoding=\"async\" width=\"200\" height=\"200\" src=\"http:\/\/222367.w67.wedos.ws\/domains\/hpz.cz\/wp-content\/uploads\/2019\/06\/zatem1.jpg\" alt=\"\" data-id=\"108\" data-link=\"http:\/\/222367.w67.wedos.ws\/domains\/hpz.cz\/zatemnovaci-zarizeni\/zatem1\/\" class=\"wp-image-108\" srcset=\"https:\/\/hpz.cz\/wp-content\/uploads\/2019\/06\/zatem1.jpg 200w, https:\/\/hpz.cz\/wp-content\/uploads\/2019\/06\/zatem1-150x150.jpg 150w\" sizes=\"auto, (max-width: 200px) 100vw, 200px\" \/><\/figure><\/li><li class=\"blocks-gallery-item\"><figure><img loading=\"lazy\" decoding=\"async\" width=\"200\" height=\"200\" src=\"http:\/\/222367.w67.wedos.ws\/domains\/hpz.cz\/wp-content\/uploads\/2019\/06\/zatem3.jpg\" alt=\"\" data-id=\"109\" data-link=\"http:\/\/222367.w67.wedos.ws\/domains\/hpz.cz\/zatemnovaci-zarizeni\/zatem3\/\" class=\"wp-image-109\" srcset=\"https:\/\/hpz.cz\/wp-content\/uploads\/2019\/06\/zatem3.jpg 200w, https:\/\/hpz.cz\/wp-content\/uploads\/2019\/06\/zatem3-150x150.jpg 150w\" sizes=\"auto, (max-width: 200px) 100vw, 200px\" \/><\/figure><\/li><li class=\"blocks-gallery-item\"><figure><img loading=\"lazy\" decoding=\"async\" width=\"200\" height=\"200\" src=\"http:\/\/222367.w67.wedos.ws\/domains\/hpz.cz\/wp-content\/uploads\/2019\/06\/zatem.jpg\" alt=\"\" data-id=\"110\" data-link=\"http:\/\/222367.w67.wedos.ws\/domains\/hpz.cz\/zatemnovaci-zarizeni\/zatem\/\" class=\"wp-image-110\" srcset=\"https:\/\/hpz.cz\/wp-content\/uploads\/2019\/06\/zatem.jpg 200w, https:\/\/hpz.cz\/wp-content\/uploads\/2019\/06\/zatem-150x150.jpg 150w\" sizes=\"auto, (max-width: 200px) 100vw, 200px\" \/><\/figure><\/li><\/ul>\n","protected":false},"excerpt":{"rendered":"<p>Zatem\u0148ovac\u00ed za\u0159\u00edzen\u00ed Zatem\u0148ovac\u00ed za\u0159\u00edzen\u00ed v Al boxu s vod\u00edc\u00edmi li\u0161tami. Zcelazatem\u0148uj\u00edc\u00ed l\u00e1tka Panama v barv\u011b \u010dern\u00e9. Vhodn\u00e9 do m\u00edstnost\u00ed s videoprojekc\u00ed, \u0161kol a konferen\u010dn\u00edch m\u00edstnost\u00ed. Za\u0159\u00edzen\u00ed lze ovl\u00e1dat popruhov\u00fdm navij\u00e1kem, nebo el.pohonem.<\/p>\n","protected":false},"author":1,"featured_media":0,"parent":0,"menu_order":0,"comment_status":"closed","ping_status":"closed","template":"","meta":{"footnotes":""},"class_list":["post-15","page","type-page","status-publish","hentry"],"_links":{"self":[{"href":"https:\/\/hpz.cz\/index.php?rest_route=\/wp\/v2\/pages\/15","targetHints":{"allow":["GET"]}}],"collection":[{"href":"https:\/\/hpz.cz\/index.php?rest_route=\/wp\/v2\/pages"}],"about":[{"href":"https:\/\/hpz.cz\/index.php?rest_route=\/wp\/v2\/types\/page"}],"author":[{"embeddable":true,"href":"https:\/\/hpz.cz\/index.php?rest_route=\/wp\/v2\/users\/1"}],"replies":[{"embeddable":true,"href":"https:\/\/hpz.cz\/index.php?rest_route=%2Fwp%2Fv2%2Fcomments&post=15"}],"version-history":[{"count":3,"href":"https:\/\/hpz.cz\/index.php?rest_route=\/wp\/v2\/pages\/15\/revisions"}],"predecessor-version":[{"id":111,"href":"https:\/\/hpz.cz\/index.php?rest_route=\/wp\/v2\/pages\/15\/revisions\/111"}],"wp:attachment":[{"href":"https:\/\/hpz.cz\/index.php?rest_route=%2Fwp%2Fv2%2Fmedia&parent=15"}],"curies":[{"name":"wp","href":"https:\/\/api.w.org\/{rel}","templated":true}]}}