{"id":16,"date":"2019-06-04T16:43:09","date_gmt":"2019-06-04T14:43:09","guid":{"rendered":"http:\/\/222367.w67.wedos.ws\/domains\/hpz.cz\/?page_id=16"},"modified":"2019-06-04T17:37:16","modified_gmt":"2019-06-04T15:37:16","slug":"vertikalni-zaluzie","status":"publish","type":"page","link":"https:\/\/hpz.cz\/?page_id=16","title":{"rendered":"Vertik\u00e1ln\u00ed \u017ealuzie"},"content":{"rendered":"\n<h1 class=\"wp-block-heading\">Vertik\u00e1ln\u00ed \u017ealuzie<\/h1>\n\n\n\n<p>Vertik\u00e1ln\u00ed \u017ealuzie. \u0161\u00ed\u0159e lamel 127mm, nebo 89mm.<\/p>\n\n\n\n<ul class=\"wp-block-gallery columns-3 is-cropped wp-block-gallery-1 is-layout-flex wp-block-gallery-is-layout-flex\"><li class=\"blocks-gallery-item\"><figure><img loading=\"lazy\" decoding=\"async\" width=\"200\" height=\"200\" src=\"http:\/\/222367.w67.wedos.ws\/domains\/hpz.cz\/wp-content\/uploads\/2019\/06\/vertikal-1.jpg\" alt=\"\" data-id=\"102\" data-link=\"http:\/\/222367.w67.wedos.ws\/domains\/hpz.cz\/vertikalni-zaluzie\/vertikal-1\/\" class=\"wp-image-102\" srcset=\"https:\/\/hpz.cz\/wp-content\/uploads\/2019\/06\/vertikal-1.jpg 200w, https:\/\/hpz.cz\/wp-content\/uploads\/2019\/06\/vertikal-1-150x150.jpg 150w\" sizes=\"auto, (max-width: 200px) 100vw, 200px\" \/><\/figure><\/li><li class=\"blocks-gallery-item\"><figure><img loading=\"lazy\" decoding=\"async\" width=\"200\" height=\"200\" src=\"http:\/\/222367.w67.wedos.ws\/domains\/hpz.cz\/wp-content\/uploads\/2019\/06\/vertzek.jpg\" alt=\"\" data-id=\"103\" data-link=\"http:\/\/222367.w67.wedos.ws\/domains\/hpz.cz\/vertikalni-zaluzie\/vertzek\/\" class=\"wp-image-103\" srcset=\"https:\/\/hpz.cz\/wp-content\/uploads\/2019\/06\/vertzek.jpg 200w, https:\/\/hpz.cz\/wp-content\/uploads\/2019\/06\/vertzek-150x150.jpg 150w\" sizes=\"auto, (max-width: 200px) 100vw, 200px\" \/><\/figure><\/li><li class=\"blocks-gallery-item\"><figure><img loading=\"lazy\" decoding=\"async\" width=\"200\" height=\"200\" src=\"http:\/\/222367.w67.wedos.ws\/domains\/hpz.cz\/wp-content\/uploads\/2019\/06\/verikaluzie.jpg\" alt=\"\" data-id=\"104\" data-link=\"http:\/\/222367.w67.wedos.ws\/domains\/hpz.cz\/vertikalni-zaluzie\/verikaluzie\/\" class=\"wp-image-104\" srcset=\"https:\/\/hpz.cz\/wp-content\/uploads\/2019\/06\/verikaluzie.jpg 200w, https:\/\/hpz.cz\/wp-content\/uploads\/2019\/06\/verikaluzie-150x150.jpg 150w\" sizes=\"auto, (max-width: 200px) 100vw, 200px\" \/><\/figure><\/li><li class=\"blocks-gallery-item\"><figure><img loading=\"lazy\" decoding=\"async\" width=\"200\" height=\"200\" src=\"http:\/\/222367.w67.wedos.ws\/domains\/hpz.cz\/wp-content\/uploads\/2019\/06\/verti.jpg\" alt=\"\" data-id=\"105\" data-link=\"http:\/\/222367.w67.wedos.ws\/domains\/hpz.cz\/vertikalni-zaluzie\/verti\/\" class=\"wp-image-105\" srcset=\"https:\/\/hpz.cz\/wp-content\/uploads\/2019\/06\/verti.jpg 200w, https:\/\/hpz.cz\/wp-content\/uploads\/2019\/06\/verti-150x150.jpg 150w\" sizes=\"auto, (max-width: 200px) 100vw, 200px\" \/><\/figure><\/li><\/ul>\n","protected":false},"excerpt":{"rendered":"<p>Vertik\u00e1ln\u00ed \u017ealuzie Vertik\u00e1ln\u00ed \u017ealuzie. \u0161\u00ed\u0159e lamel 127mm, nebo 89mm.<\/p>\n","protected":false},"author":1,"featured_media":0,"parent":0,"menu_order":0,"comment_status":"closed","ping_status":"closed","template":"","meta":{"footnotes":""},"class_list":["post-16","page","type-page","status-publish","hentry"],"_links":{"self":[{"href":"https:\/\/hpz.cz\/index.php?rest_route=\/wp\/v2\/pages\/16","targetHints":{"allow":["GET"]}}],"collection":[{"href":"https:\/\/hpz.cz\/index.php?rest_route=\/wp\/v2\/pages"}],"about":[{"href":"https:\/\/hpz.cz\/index.php?rest_route=\/wp\/v2\/types\/page"}],"author":[{"embeddable":true,"href":"https:\/\/hpz.cz\/index.php?rest_route=\/wp\/v2\/users\/1"}],"replies":[{"embeddable":true,"href":"https:\/\/hpz.cz\/index.php?rest_route=%2Fwp%2Fv2%2Fcomments&post=16"}],"version-history":[{"count":2,"href":"https:\/\/hpz.cz\/index.php?rest_route=\/wp\/v2\/pages\/16\/revisions"}],"predecessor-version":[{"id":106,"href":"https:\/\/hpz.cz\/index.php?rest_route=\/wp\/v2\/pages\/16\/revisions\/106"}],"wp:attachment":[{"href":"https:\/\/hpz.cz\/index.php?rest_route=%2Fwp%2Fv2%2Fmedia&parent=16"}],"curies":[{"name":"wp","href":"https:\/\/api.w.org\/{rel}","templated":true}]}}