{"id":17,"date":"2019-06-04T16:43:09","date_gmt":"2019-06-04T14:43:09","guid":{"rendered":"http:\/\/222367.w67.wedos.ws\/domains\/hpz.cz\/?page_id=17"},"modified":"2019-06-04T17:41:35","modified_gmt":"2019-06-04T15:41:35","slug":"slunolamy","status":"publish","type":"page","link":"https:\/\/hpz.cz\/?page_id=17","title":{"rendered":"Slunolamy"},"content":{"rendered":"\n<h1 class=\"wp-block-heading\">Slunolamy<\/h1>\n\n\n\n<p>Pevn\u00e9 upev\u0148ovac\u00ed, \nsamonosn\u00e9 protla\u010dovan\u00e9 a p\u0159\u00edmo montovan\u00e9 pod\u00e9ln\u00edky s r\u016fzn\u00fdmi moduly za \npou\u017eit\u00ed mezikus\u016f a dr\u017e\u00e1k\u016f. Lamely 84R jsou tvarov\u00e1ny mezi v\u00e1lci z \nhlin\u00edkov\u00e9ho p\u00e1su tl. 0,6mm opat\u0159en\u00e9 z\u00e1kladn\u00edm n\u00e1t\u011brem vyp\u00e1len\u00fdm v peci.<\/p>\n\n\n\n<ul class=\"wp-block-gallery columns-3 is-cropped wp-block-gallery-1 is-layout-flex wp-block-gallery-is-layout-flex\"><li class=\"blocks-gallery-item\"><figure><img loading=\"lazy\" decoding=\"async\" width=\"200\" height=\"200\" src=\"http:\/\/222367.w67.wedos.ws\/domains\/hpz.cz\/wp-content\/uploads\/2019\/06\/slun1.jpg\" alt=\"\" data-id=\"112\" data-link=\"http:\/\/222367.w67.wedos.ws\/domains\/hpz.cz\/slunolamy\/slun1\/\" class=\"wp-image-112\" srcset=\"https:\/\/hpz.cz\/wp-content\/uploads\/2019\/06\/slun1.jpg 200w, https:\/\/hpz.cz\/wp-content\/uploads\/2019\/06\/slun1-150x150.jpg 150w\" sizes=\"auto, (max-width: 200px) 100vw, 200px\" \/><\/figure><\/li><li class=\"blocks-gallery-item\"><figure><img loading=\"lazy\" decoding=\"async\" width=\"200\" height=\"200\" src=\"http:\/\/222367.w67.wedos.ws\/domains\/hpz.cz\/wp-content\/uploads\/2019\/06\/slun2.jpg\" alt=\"\" data-id=\"113\" data-link=\"http:\/\/222367.w67.wedos.ws\/domains\/hpz.cz\/slunolamy\/slun2\/\" class=\"wp-image-113\" srcset=\"https:\/\/hpz.cz\/wp-content\/uploads\/2019\/06\/slun2.jpg 200w, https:\/\/hpz.cz\/wp-content\/uploads\/2019\/06\/slun2-150x150.jpg 150w\" sizes=\"auto, (max-width: 200px) 100vw, 200px\" \/><\/figure><\/li><li class=\"blocks-gallery-item\"><figure><img loading=\"lazy\" decoding=\"async\" width=\"200\" height=\"200\" src=\"http:\/\/222367.w67.wedos.ws\/domains\/hpz.cz\/wp-content\/uploads\/2019\/06\/slun3.jpg\" alt=\"\" data-id=\"114\" data-link=\"http:\/\/222367.w67.wedos.ws\/domains\/hpz.cz\/slunolamy\/slun3\/\" class=\"wp-image-114\" srcset=\"https:\/\/hpz.cz\/wp-content\/uploads\/2019\/06\/slun3.jpg 200w, https:\/\/hpz.cz\/wp-content\/uploads\/2019\/06\/slun3-150x150.jpg 150w\" sizes=\"auto, (max-width: 200px) 100vw, 200px\" \/><\/figure><\/li><\/ul>\n","protected":false},"excerpt":{"rendered":"<p>Slunolamy Pevn\u00e9 upev\u0148ovac\u00ed, samonosn\u00e9 protla\u010dovan\u00e9 a p\u0159\u00edmo montovan\u00e9 pod\u00e9ln\u00edky s r\u016fzn\u00fdmi moduly za pou\u017eit\u00ed mezikus\u016f a dr\u017e\u00e1k\u016f. Lamely 84R jsou tvarov\u00e1ny mezi v\u00e1lci z hlin\u00edkov\u00e9ho p\u00e1su tl. 0,6mm opat\u0159en\u00e9 z\u00e1kladn\u00edm n\u00e1t\u011brem vyp\u00e1len\u00fdm v peci.<\/p>\n","protected":false},"author":1,"featured_media":0,"parent":0,"menu_order":0,"comment_status":"closed","ping_status":"closed","template":"","meta":{"footnotes":""},"class_list":["post-17","page","type-page","status-publish","hentry"],"_links":{"self":[{"href":"https:\/\/hpz.cz\/index.php?rest_route=\/wp\/v2\/pages\/17","targetHints":{"allow":["GET"]}}],"collection":[{"href":"https:\/\/hpz.cz\/index.php?rest_route=\/wp\/v2\/pages"}],"about":[{"href":"https:\/\/hpz.cz\/index.php?rest_route=\/wp\/v2\/types\/page"}],"author":[{"embeddable":true,"href":"https:\/\/hpz.cz\/index.php?rest_route=\/wp\/v2\/users\/1"}],"replies":[{"embeddable":true,"href":"https:\/\/hpz.cz\/index.php?rest_route=%2Fwp%2Fv2%2Fcomments&post=17"}],"version-history":[{"count":2,"href":"https:\/\/hpz.cz\/index.php?rest_route=\/wp\/v2\/pages\/17\/revisions"}],"predecessor-version":[{"id":115,"href":"https:\/\/hpz.cz\/index.php?rest_route=\/wp\/v2\/pages\/17\/revisions\/115"}],"wp:attachment":[{"href":"https:\/\/hpz.cz\/index.php?rest_route=%2Fwp%2Fv2%2Fmedia&parent=17"}],"curies":[{"name":"wp","href":"https:\/\/api.w.org\/{rel}","templated":true}]}}