{"id":18,"date":"2019-06-04T16:43:09","date_gmt":"2019-06-04T14:43:09","guid":{"rendered":"http:\/\/222367.w67.wedos.ws\/domains\/hpz.cz\/?page_id=18"},"modified":"2024-01-23T13:08:55","modified_gmt":"2024-01-23T12:08:55","slug":"shrnovaci-dvere","status":"publish","type":"page","link":"https:\/\/hpz.cz\/?page_id=18","title":{"rendered":"Shrnovac\u00ed dve\u0159e"},"content":{"rendered":"\n<h1 class=\"wp-block-heading\">Shrnovac\u00ed dve\u0159e<\/h1>\n\n\n\n<p>Shrnovac\u00ed dve\u0159e dod\u00e1v\u00e1me prosklen\u00e9, nebo pln\u00e9 bez prosklen\u00ed. Uzav\u00edr\u00e1n\u00ed madlem, nebo uzamykateln\u00fdm z\u00e1mkem.<\/p>\n\n\n\n<h2 class=\"wp-block-heading\">Ko\u017eenkov\u00e9<\/h2>\n\n\n\n<ul class=\"wp-block-gallery columns-2 is-cropped wp-block-gallery-1 is-layout-flex wp-block-gallery-is-layout-flex\"><li class=\"blocks-gallery-item\"><figure><img loading=\"lazy\" decoding=\"async\" width=\"200\" height=\"200\" src=\"http:\/\/222367.w67.wedos.ws\/domains\/hpz.cz\/wp-content\/uploads\/2019\/06\/kozenka1.jpg\" alt=\"\" data-id=\"120\" data-link=\"http:\/\/222367.w67.wedos.ws\/domains\/hpz.cz\/shrnovaci-dvere\/kozenka1\/\" class=\"wp-image-120\" srcset=\"https:\/\/hpz.cz\/wp-content\/uploads\/2019\/06\/kozenka1.jpg 200w, https:\/\/hpz.cz\/wp-content\/uploads\/2019\/06\/kozenka1-150x150.jpg 150w\" sizes=\"auto, (max-width: 200px) 100vw, 200px\" \/><\/figure><\/li><li class=\"blocks-gallery-item\"><figure><img loading=\"lazy\" decoding=\"async\" width=\"200\" height=\"200\" src=\"http:\/\/222367.w67.wedos.ws\/domains\/hpz.cz\/wp-content\/uploads\/2019\/06\/kozenka2.jpg\" alt=\"\" data-id=\"121\" data-link=\"http:\/\/222367.w67.wedos.ws\/domains\/hpz.cz\/shrnovaci-dvere\/kozenka2\/\" class=\"wp-image-121\" srcset=\"https:\/\/hpz.cz\/wp-content\/uploads\/2019\/06\/kozenka2.jpg 200w, https:\/\/hpz.cz\/wp-content\/uploads\/2019\/06\/kozenka2-150x150.jpg 150w\" sizes=\"auto, (max-width: 200px) 100vw, 200px\" \/><\/figure><\/li><\/ul>\n\n\n\n<h2 class=\"wp-block-heading\">Plastov\u00e9<\/h2>\n\n\n\n<ul class=\"wp-block-gallery columns-3 is-cropped wp-block-gallery-2 is-layout-flex wp-block-gallery-is-layout-flex\"><li class=\"blocks-gallery-item\"><figure><img loading=\"lazy\" decoding=\"async\" width=\"200\" height=\"200\" src=\"http:\/\/222367.w67.wedos.ws\/domains\/hpz.cz\/wp-content\/uploads\/2019\/06\/plast1.jpg\" alt=\"\" data-id=\"122\" data-link=\"http:\/\/222367.w67.wedos.ws\/domains\/hpz.cz\/shrnovaci-dvere\/plast1\/\" class=\"wp-image-122\" srcset=\"https:\/\/hpz.cz\/wp-content\/uploads\/2019\/06\/plast1.jpg 200w, https:\/\/hpz.cz\/wp-content\/uploads\/2019\/06\/plast1-150x150.jpg 150w\" sizes=\"auto, (max-width: 200px) 100vw, 200px\" \/><\/figure><\/li><li class=\"blocks-gallery-item\"><figure><img loading=\"lazy\" decoding=\"async\" width=\"200\" height=\"200\" src=\"http:\/\/222367.w67.wedos.ws\/domains\/hpz.cz\/wp-content\/uploads\/2019\/06\/plast3.jpg\" alt=\"\" data-id=\"123\" data-link=\"http:\/\/222367.w67.wedos.ws\/domains\/hpz.cz\/shrnovaci-dvere\/plast3\/\" class=\"wp-image-123\" srcset=\"https:\/\/hpz.cz\/wp-content\/uploads\/2019\/06\/plast3.jpg 200w, https:\/\/hpz.cz\/wp-content\/uploads\/2019\/06\/plast3-150x150.jpg 150w\" sizes=\"auto, (max-width: 200px) 100vw, 200px\" \/><\/figure><\/li><li class=\"blocks-gallery-item\"><figure><img loading=\"lazy\" decoding=\"async\" width=\"200\" height=\"200\" src=\"http:\/\/222367.w67.wedos.ws\/domains\/hpz.cz\/wp-content\/uploads\/2019\/06\/plast5.jpg\" alt=\"\" data-id=\"124\" data-link=\"http:\/\/222367.w67.wedos.ws\/domains\/hpz.cz\/shrnovaci-dvere\/plast5\/\" class=\"wp-image-124\" srcset=\"https:\/\/hpz.cz\/wp-content\/uploads\/2019\/06\/plast5.jpg 200w, https:\/\/hpz.cz\/wp-content\/uploads\/2019\/06\/plast5-150x150.jpg 150w\" sizes=\"auto, (max-width: 200px) 100vw, 200px\" \/><\/figure><\/li><li class=\"blocks-gallery-item\"><figure><img loading=\"lazy\" decoding=\"async\" width=\"200\" height=\"200\" src=\"http:\/\/222367.w67.wedos.ws\/domains\/hpz.cz\/wp-content\/uploads\/2019\/06\/plast6.jpg\" alt=\"\" data-id=\"125\" data-link=\"http:\/\/222367.w67.wedos.ws\/domains\/hpz.cz\/shrnovaci-dvere\/plast6\/\" class=\"wp-image-125\" srcset=\"https:\/\/hpz.cz\/wp-content\/uploads\/2019\/06\/plast6.jpg 200w, https:\/\/hpz.cz\/wp-content\/uploads\/2019\/06\/plast6-150x150.jpg 150w\" sizes=\"auto, (max-width: 200px) 100vw, 200px\" \/><\/figure><\/li><\/ul>\n","protected":false},"excerpt":{"rendered":"<p>Shrnovac\u00ed dve\u0159e Shrnovac\u00ed dve\u0159e dod\u00e1v\u00e1me prosklen\u00e9, nebo pln\u00e9 bez prosklen\u00ed. Uzav\u00edr\u00e1n\u00ed madlem, nebo uzamykateln\u00fdm z\u00e1mkem. Ko\u017eenkov\u00e9 Plastov\u00e9<\/p>\n","protected":false},"author":1,"featured_media":0,"parent":0,"menu_order":0,"comment_status":"closed","ping_status":"closed","template":"","meta":{"footnotes":""},"class_list":["post-18","page","type-page","status-publish","hentry"],"_links":{"self":[{"href":"https:\/\/hpz.cz\/index.php?rest_route=\/wp\/v2\/pages\/18","targetHints":{"allow":["GET"]}}],"collection":[{"href":"https:\/\/hpz.cz\/index.php?rest_route=\/wp\/v2\/pages"}],"about":[{"href":"https:\/\/hpz.cz\/index.php?rest_route=\/wp\/v2\/types\/page"}],"author":[{"embeddable":true,"href":"https:\/\/hpz.cz\/index.php?rest_route=\/wp\/v2\/users\/1"}],"replies":[{"embeddable":true,"href":"https:\/\/hpz.cz\/index.php?rest_route=%2Fwp%2Fv2%2Fcomments&post=18"}],"version-history":[{"count":3,"href":"https:\/\/hpz.cz\/index.php?rest_route=\/wp\/v2\/pages\/18\/revisions"}],"predecessor-version":[{"id":207,"href":"https:\/\/hpz.cz\/index.php?rest_route=\/wp\/v2\/pages\/18\/revisions\/207"}],"wp:attachment":[{"href":"https:\/\/hpz.cz\/index.php?rest_route=%2Fwp%2Fv2%2Fmedia&parent=18"}],"curies":[{"name":"wp","href":"https:\/\/api.w.org\/{rel}","templated":true}]}}