{"id":19,"date":"2019-06-04T16:43:09","date_gmt":"2019-06-04T14:43:09","guid":{"rendered":"http:\/\/222367.w67.wedos.ws\/domains\/hpz.cz\/?page_id=19"},"modified":"2019-06-04T17:47:44","modified_gmt":"2019-06-04T15:47:44","slug":"pvc-clony","status":"publish","type":"page","link":"https:\/\/hpz.cz\/?page_id=19","title":{"rendered":"PVC clony"},"content":{"rendered":"\n<h1 class=\"wp-block-heading\">PVC clony<\/h1>\n\n\n\n<p>Clony dod\u00e1v\u00e1me sv\u011brn\u00e9,\n h\u0159ebenov\u00e9, nebo pojezdov\u00e9. P\u00e1sy jsou z m\u011bk\u010den\u00e9ho PVC v rozm\u011brech 200\/2,\n 300\/3 a 400\/4mm. Pou\u017eit\u00ed bez omezen\u00ed velikosti otvoru. Mont\u00e1\u017e \u201edo \notvoru\u201c, nebo \u201enad otvor\u201c<\/p>\n\n\n\n<p>Vyu\u017eit\u00ed:<\/p>\n\n\n\n<ul class=\"wp-block-list\"><li>\u00faspora tepla &#8211; ve skladech, obchodech, expedic\u00edch<\/li><li>\u00faspora energie &#8211; chlad\u00edc\u00ed + mraz\u00edrensk\u00e9 boxy, n\u00e1stavby aut<\/li><li>hygiena pr\u00e1ce &#8211; sva\u0159ovac\u00ed boxy, p\u0159ep\u00e1\u017een\u00ed v potravin\u00e1\u0159sk\u00fdch provozech<\/li><li>ochrana proti prachu a hluku<\/li><\/ul>\n\n\n\n<ul class=\"wp-block-gallery columns-3 is-cropped wp-block-gallery-1 is-layout-flex wp-block-gallery-is-layout-flex\"><li class=\"blocks-gallery-item\"><figure><img loading=\"lazy\" decoding=\"async\" width=\"200\" height=\"200\" src=\"http:\/\/222367.w67.wedos.ws\/domains\/hpz.cz\/wp-content\/uploads\/2019\/06\/pvc1.jpg\" alt=\"\" data-id=\"127\" data-link=\"http:\/\/222367.w67.wedos.ws\/domains\/hpz.cz\/pvc-clony\/pvc1\/\" class=\"wp-image-127\" srcset=\"https:\/\/hpz.cz\/wp-content\/uploads\/2019\/06\/pvc1.jpg 200w, https:\/\/hpz.cz\/wp-content\/uploads\/2019\/06\/pvc1-150x150.jpg 150w\" sizes=\"auto, (max-width: 200px) 100vw, 200px\" \/><\/figure><\/li><li class=\"blocks-gallery-item\"><figure><img loading=\"lazy\" decoding=\"async\" width=\"200\" height=\"200\" src=\"http:\/\/222367.w67.wedos.ws\/domains\/hpz.cz\/wp-content\/uploads\/2019\/06\/pvc2.jpg\" alt=\"\" data-id=\"128\" data-link=\"http:\/\/222367.w67.wedos.ws\/domains\/hpz.cz\/pvc-clony\/pvc2\/\" class=\"wp-image-128\" srcset=\"https:\/\/hpz.cz\/wp-content\/uploads\/2019\/06\/pvc2.jpg 200w, https:\/\/hpz.cz\/wp-content\/uploads\/2019\/06\/pvc2-150x150.jpg 150w\" sizes=\"auto, (max-width: 200px) 100vw, 200px\" \/><\/figure><\/li><li class=\"blocks-gallery-item\"><figure><img loading=\"lazy\" decoding=\"async\" width=\"200\" height=\"200\" src=\"http:\/\/222367.w67.wedos.ws\/domains\/hpz.cz\/wp-content\/uploads\/2019\/06\/pvc3.jpg\" alt=\"\" data-id=\"129\" data-link=\"http:\/\/222367.w67.wedos.ws\/domains\/hpz.cz\/pvc-clony\/pvc3\/\" class=\"wp-image-129\" srcset=\"https:\/\/hpz.cz\/wp-content\/uploads\/2019\/06\/pvc3.jpg 200w, https:\/\/hpz.cz\/wp-content\/uploads\/2019\/06\/pvc3-150x150.jpg 150w\" sizes=\"auto, (max-width: 200px) 100vw, 200px\" \/><\/figure><\/li><li class=\"blocks-gallery-item\"><figure><img loading=\"lazy\" decoding=\"async\" width=\"200\" height=\"200\" src=\"http:\/\/222367.w67.wedos.ws\/domains\/hpz.cz\/wp-content\/uploads\/2019\/06\/pvc.jpg\" alt=\"\" data-id=\"130\" data-link=\"http:\/\/222367.w67.wedos.ws\/domains\/hpz.cz\/pvc-clony\/pvc\/\" class=\"wp-image-130\" srcset=\"https:\/\/hpz.cz\/wp-content\/uploads\/2019\/06\/pvc.jpg 200w, https:\/\/hpz.cz\/wp-content\/uploads\/2019\/06\/pvc-150x150.jpg 150w\" sizes=\"auto, (max-width: 200px) 100vw, 200px\" \/><\/figure><\/li><\/ul>\n","protected":false},"excerpt":{"rendered":"<p>PVC clony Clony dod\u00e1v\u00e1me sv\u011brn\u00e9, h\u0159ebenov\u00e9, nebo pojezdov\u00e9. P\u00e1sy jsou z m\u011bk\u010den\u00e9ho PVC v rozm\u011brech 200\/2, 300\/3 a 400\/4mm. Pou\u017eit\u00ed bez omezen\u00ed velikosti otvoru. Mont\u00e1\u017e \u201edo otvoru\u201c, nebo \u201enad otvor\u201c Vyu\u017eit\u00ed: \u00faspora tepla &#8211; ve skladech, obchodech, expedic\u00edch \u00faspora energie &#8211; chlad\u00edc\u00ed + mraz\u00edrensk\u00e9 boxy, n\u00e1stavby aut hygiena pr\u00e1ce &#8211; sva\u0159ovac\u00ed boxy, p\u0159ep\u00e1\u017een\u00ed v potravin\u00e1\u0159sk\u00fdch &hellip; <a href=\"https:\/\/hpz.cz\/?page_id=19\" class=\"more-link\">Pokra\u010dov\u00e1n\u00ed textu <span class=\"screen-reader-text\">PVC clony<\/span> <span class=\"meta-nav\">&rarr;<\/span><\/a><\/p>\n","protected":false},"author":1,"featured_media":0,"parent":0,"menu_order":0,"comment_status":"closed","ping_status":"closed","template":"","meta":{"footnotes":""},"class_list":["post-19","page","type-page","status-publish","hentry"],"_links":{"self":[{"href":"https:\/\/hpz.cz\/index.php?rest_route=\/wp\/v2\/pages\/19","targetHints":{"allow":["GET"]}}],"collection":[{"href":"https:\/\/hpz.cz\/index.php?rest_route=\/wp\/v2\/pages"}],"about":[{"href":"https:\/\/hpz.cz\/index.php?rest_route=\/wp\/v2\/types\/page"}],"author":[{"embeddable":true,"href":"https:\/\/hpz.cz\/index.php?rest_route=\/wp\/v2\/users\/1"}],"replies":[{"embeddable":true,"href":"https:\/\/hpz.cz\/index.php?rest_route=%2Fwp%2Fv2%2Fcomments&post=19"}],"version-history":[{"count":2,"href":"https:\/\/hpz.cz\/index.php?rest_route=\/wp\/v2\/pages\/19\/revisions"}],"predecessor-version":[{"id":131,"href":"https:\/\/hpz.cz\/index.php?rest_route=\/wp\/v2\/pages\/19\/revisions\/131"}],"wp:attachment":[{"href":"https:\/\/hpz.cz\/index.php?rest_route=%2Fwp%2Fv2%2Fmedia&parent=19"}],"curies":[{"name":"wp","href":"https:\/\/api.w.org\/{rel}","templated":true}]}}