{"id":8,"date":"2019-06-04T16:43:08","date_gmt":"2019-06-04T14:43:08","guid":{"rendered":"http:\/\/222367.w67.wedos.ws\/domains\/hpz.cz\/?page_id=8"},"modified":"2019-06-04T18:28:21","modified_gmt":"2019-06-04T16:28:21","slug":"garazova-vrata","status":"publish","type":"page","link":"https:\/\/hpz.cz\/?page_id=8","title":{"rendered":"Gar\u00e1\u017eov\u00e1 vrata"},"content":{"rendered":"\n<h2 class=\"wp-block-heading\">Rolovac\u00ed<\/h2>\n\n\n\n<ul class=\"wp-block-gallery columns-3 is-cropped wp-block-gallery-1 is-layout-flex wp-block-gallery-is-layout-flex\"><li class=\"blocks-gallery-item\"><figure><img loading=\"lazy\" decoding=\"async\" width=\"200\" height=\"200\" src=\"http:\/\/222367.w67.wedos.ws\/domains\/hpz.cz\/wp-content\/uploads\/2019\/06\/rol_vrata1.jpg\" alt=\"\" data-id=\"47\" data-link=\"http:\/\/222367.w67.wedos.ws\/domains\/hpz.cz\/garazova-vrata\/rol_vrata1\/\" class=\"wp-image-47\" srcset=\"https:\/\/hpz.cz\/wp-content\/uploads\/2019\/06\/rol_vrata1.jpg 200w, https:\/\/hpz.cz\/wp-content\/uploads\/2019\/06\/rol_vrata1-150x150.jpg 150w\" sizes=\"auto, (max-width: 200px) 100vw, 200px\" \/><\/figure><\/li><li class=\"blocks-gallery-item\"><figure><img loading=\"lazy\" decoding=\"async\" width=\"200\" height=\"200\" src=\"http:\/\/222367.w67.wedos.ws\/domains\/hpz.cz\/wp-content\/uploads\/2019\/06\/rol_vrata2.jpg\" alt=\"\" data-id=\"48\" data-link=\"http:\/\/222367.w67.wedos.ws\/domains\/hpz.cz\/garazova-vrata\/rol_vrata2\/\" class=\"wp-image-48\" srcset=\"https:\/\/hpz.cz\/wp-content\/uploads\/2019\/06\/rol_vrata2.jpg 200w, https:\/\/hpz.cz\/wp-content\/uploads\/2019\/06\/rol_vrata2-150x150.jpg 150w\" sizes=\"auto, (max-width: 200px) 100vw, 200px\" \/><\/figure><\/li><li class=\"blocks-gallery-item\"><figure><img loading=\"lazy\" decoding=\"async\" width=\"200\" height=\"200\" src=\"http:\/\/222367.w67.wedos.ws\/domains\/hpz.cz\/wp-content\/uploads\/2019\/06\/rol_vrata3.jpg\" alt=\"\" data-id=\"49\" data-link=\"http:\/\/222367.w67.wedos.ws\/domains\/hpz.cz\/garazova-vrata\/rol_vrata3\/\" class=\"wp-image-49\" srcset=\"https:\/\/hpz.cz\/wp-content\/uploads\/2019\/06\/rol_vrata3.jpg 200w, https:\/\/hpz.cz\/wp-content\/uploads\/2019\/06\/rol_vrata3-150x150.jpg 150w\" sizes=\"auto, (max-width: 200px) 100vw, 200px\" \/><\/figure><\/li><\/ul>\n\n\n\n<p>Gar\u00e1\u017eov\u00e1 rolovac\u00ed vrata s lamelou BP77. Vrata lze dodat v proveden\u00ed imitace d\u0159eva, nebo v jak\u00e9koliv barv\u011b RAL.<\/p>\n\n\n\n<h2 class=\"wp-block-heading\">Sek\u010dn\u00ed<\/h2>\n\n\n\n<ul class=\"wp-block-gallery columns-2 is-cropped wp-block-gallery-2 is-layout-flex wp-block-gallery-is-layout-flex\"><li class=\"blocks-gallery-item\"><figure><img loading=\"lazy\" decoding=\"async\" width=\"200\" height=\"200\" src=\"http:\/\/222367.w67.wedos.ws\/domains\/hpz.cz\/wp-content\/uploads\/2019\/06\/sek.jpg\" alt=\"\" data-id=\"54\" data-link=\"http:\/\/222367.w67.wedos.ws\/domains\/hpz.cz\/garazova-vrata\/sek\/\" class=\"wp-image-54\" srcset=\"https:\/\/hpz.cz\/wp-content\/uploads\/2019\/06\/sek.jpg 200w, https:\/\/hpz.cz\/wp-content\/uploads\/2019\/06\/sek-150x150.jpg 150w\" sizes=\"auto, (max-width: 200px) 100vw, 200px\" \/><\/figure><\/li><li class=\"blocks-gallery-item\"><figure><img loading=\"lazy\" decoding=\"async\" width=\"200\" height=\"200\" src=\"http:\/\/222367.w67.wedos.ws\/domains\/hpz.cz\/wp-content\/uploads\/2019\/06\/sekce.jpg\" alt=\"\" data-id=\"55\" data-link=\"http:\/\/222367.w67.wedos.ws\/domains\/hpz.cz\/garazova-vrata\/sekce\/\" class=\"wp-image-55\" srcset=\"https:\/\/hpz.cz\/wp-content\/uploads\/2019\/06\/sekce.jpg 200w, https:\/\/hpz.cz\/wp-content\/uploads\/2019\/06\/sekce-150x150.jpg 150w\" sizes=\"auto, (max-width: 200px) 100vw, 200px\" \/><\/figure><\/li><\/ul>\n\n\n\n<p>Sek\u010dn\u00ed gar\u00e1\u017eov\u00e1 vrata \nzateplen\u00e1, vypln\u011bn\u00e1 PU p\u011bnou lze dodat v proveden\u00ed design hladk\u00fd, \nlamela, kazeta, nebo dr\u00e1\u017eka standardn\u011b v barv\u011b b\u00edl\u00e9.Na p\u0159\u00e1n\u00ed lze dodat \nvrata v jak\u00e9koliv barv\u011b RAL, nebo imitaci d\u0159eva. Vrata obsahuj\u00ed \nbezpe\u010dnostn\u00ed prvky dle evropsk\u00e9 normy EN 13241-1. Ovl\u00e1d\u00e1n\u00ed ru\u010dn\u011b torzn\u00ed \npru\u017einou, nebo el.pohonem pomoc\u00ed vyp\u00edna\u010de, nebo d\u00e1lkov\u00e9ho ovlada\u010de.<\/p>\n\n\n\n<p>Vrata lze osadit person\u00e1ln\u00edmi vstupn\u00edmi dvemi, v\u011btrac\u00edmi m\u0159\u00ed\u017ekami, prosklen\u00fdmi sekcemi apod.<\/p>\n","protected":false},"excerpt":{"rendered":"<p>Rolovac\u00ed Gar\u00e1\u017eov\u00e1 rolovac\u00ed vrata s lamelou BP77. Vrata lze dodat v proveden\u00ed imitace d\u0159eva, nebo v jak\u00e9koliv barv\u011b RAL. Sek\u010dn\u00ed Sek\u010dn\u00ed gar\u00e1\u017eov\u00e1 vrata zateplen\u00e1, vypln\u011bn\u00e1 PU p\u011bnou lze dodat v proveden\u00ed design hladk\u00fd, lamela, kazeta, nebo dr\u00e1\u017eka standardn\u011b v barv\u011b b\u00edl\u00e9.Na p\u0159\u00e1n\u00ed lze dodat vrata v jak\u00e9koliv barv\u011b RAL, nebo imitaci d\u0159eva. Vrata obsahuj\u00ed bezpe\u010dnostn\u00ed &hellip; <a href=\"https:\/\/hpz.cz\/?page_id=8\" class=\"more-link\">Pokra\u010dov\u00e1n\u00ed textu <span class=\"screen-reader-text\">Gar\u00e1\u017eov\u00e1 vrata<\/span> <span class=\"meta-nav\">&rarr;<\/span><\/a><\/p>\n","protected":false},"author":1,"featured_media":0,"parent":0,"menu_order":0,"comment_status":"closed","ping_status":"closed","template":"","meta":{"footnotes":""},"class_list":["post-8","page","type-page","status-publish","hentry"],"_links":{"self":[{"href":"https:\/\/hpz.cz\/index.php?rest_route=\/wp\/v2\/pages\/8","targetHints":{"allow":["GET"]}}],"collection":[{"href":"https:\/\/hpz.cz\/index.php?rest_route=\/wp\/v2\/pages"}],"about":[{"href":"https:\/\/hpz.cz\/index.php?rest_route=\/wp\/v2\/types\/page"}],"author":[{"embeddable":true,"href":"https:\/\/hpz.cz\/index.php?rest_route=\/wp\/v2\/users\/1"}],"replies":[{"embeddable":true,"href":"https:\/\/hpz.cz\/index.php?rest_route=%2Fwp%2Fv2%2Fcomments&post=8"}],"version-history":[{"count":3,"href":"https:\/\/hpz.cz\/index.php?rest_route=\/wp\/v2\/pages\/8\/revisions"}],"predecessor-version":[{"id":56,"href":"https:\/\/hpz.cz\/index.php?rest_route=\/wp\/v2\/pages\/8\/revisions\/56"}],"wp:attachment":[{"href":"https:\/\/hpz.cz\/index.php?rest_route=%2Fwp%2Fv2%2Fmedia&parent=8"}],"curies":[{"name":"wp","href":"https:\/\/api.w.org\/{rel}","templated":true}]}}